{"id":475,"date":"2025-01-21T09:47:02","date_gmt":"2025-01-21T09:47:02","guid":{"rendered":"https:\/\/harmonynest.ee\/home\/"},"modified":"2026-02-10T11:24:42","modified_gmt":"2026-02-10T11:24:42","slug":"home","status":"publish","type":"page","link":"https:\/\/harmonynest.ee\/en\/","title":{"rendered":"HOME"},"content":{"rendered":"\n<div class=\"wp-block-cover alignfull is-light\" style=\"min-height:100vh;aspect-ratio:unset;\"><span aria-hidden=\"true\" class=\"wp-block-cover__background has-background-dim-0 has-background-dim\"><\/span><img loading=\"lazy\" decoding=\"async\" width=\"1707\" height=\"2560\" class=\"wp-block-cover__image-background wp-image-63\" alt=\"\" src=\"https:\/\/harmonynest.ee\/wp-content\/uploads\/2025\/02\/Peegelmajad-Helmes-18_01_2025-106-scaled.jpg\" style=\"object-position:54% 57%\" data-object-fit=\"cover\" data-object-position=\"54% 57%\" srcset=\"https:\/\/harmonynest.ee\/wp-content\/uploads\/2025\/02\/Peegelmajad-Helmes-18_01_2025-106-scaled.jpg 1707w, https:\/\/harmonynest.ee\/wp-content\/uploads\/2025\/02\/Peegelmajad-Helmes-18_01_2025-106-200x300.jpg 200w, https:\/\/harmonynest.ee\/wp-content\/uploads\/2025\/02\/Peegelmajad-Helmes-18_01_2025-106-683x1024.jpg 683w, https:\/\/harmonynest.ee\/wp-content\/uploads\/2025\/02\/Peegelmajad-Helmes-18_01_2025-106-768x1152.jpg 768w, https:\/\/harmonynest.ee\/wp-content\/uploads\/2025\/02\/Peegelmajad-Helmes-18_01_2025-106-1024x1536.jpg 1024w, https:\/\/harmonynest.ee\/wp-content\/uploads\/2025\/02\/Peegelmajad-Helmes-18_01_2025-106-1366x2048.jpg 1366w, https:\/\/harmonynest.ee\/wp-content\/uploads\/2025\/02\/Peegelmajad-Helmes-18_01_2025-106-1568x2351.jpg 1568w\" sizes=\"auto, (max-width: 1707px) 100vw, 1707px\" \/><div class=\"wp-block-cover__inner-container is-layout-flow wp-block-cover-is-layout-flow\">\n<h1 class=\"wp-block-heading has-text-align-center has-white-color has-text-color has-link-color wp-elements-ed0255eb9a33d90b178ec8d390a5ca53\"><br><br><br><br><br><br><br>Allow yourself to be present &#8211; here and now!<br><br><\/h1>\n\n\n\n<p class=\"has-text-align-center\"><\/p>\n<\/div><\/div>\n\n\n\n<div style=\"height:17px\" aria-hidden=\"true\" class=\"wp-block-spacer\"><\/div>\n\n\n\n<p class=\"has-text-align-center\" style=\"font-size:20px\">Harmony Nest is a unique holiday home for two, created for those who wish to escape the hustle of the city and immerse themselves in nature&#8217;s harmony. Surrounded by forest, the mirrored glass cabin offers complete tranquility and privacy \u2014 a chance to break from routine and restore inner balance.<\/p>\n\n\n\n<div style=\"height:17px\" aria-hidden=\"true\" class=\"wp-block-spacer\"><\/div>\n\n\n\n<div class=\"wp-block-columns alignfull is-layout-flex wp-container-core-columns-is-layout-1 wp-block-columns-is-layout-flex\">\n<div class=\"wp-block-column is-vertically-aligned-center wp-block-edhotels-first-column-in-mobile is-layout-flow wp-block-column-is-layout-flow\" style=\"padding-top:0;padding-right:var(--wp--preset--spacing--30);padding-bottom:0;padding-left:var(--wp--preset--spacing--30);flex-basis:33.33%\">\n<h2 class=\"wp-block-heading has-text-color has-link-color wp-elements-0db81ff9d6778e46eea836df6e248209\" style=\"color:#202f22\"><strong>At Harmony Nest Nature Hotel, you\u2019ll find:<\/strong><\/h2>\n\n\n\n<ul class=\"wp-block-list\">\n<li style=\"font-size:18px\"><strong>Glass-walled architecture<\/strong> \u2013 Wake up with the sunrise and enjoy sweeping views of Mulgimaa\u2019s natural beauty throughout your stay.<\/li>\n\n\n\n<li><strong>A spacious private terrace<\/strong> \u2013 Perfect for slow morning coffees, peaceful evenings, or simply soaking in the stillness of the forest.<\/li>\n\n\n\n<li style=\"font-size:18px\"><strong>A luxurious massage tub<\/strong> \u2013 Unwind with warm bubbles and a magical view of nature.<\/li>\n\n\n\n<li style=\"font-size:18px\"><strong>A one-of-a-kind mirror sauna<\/strong> \u2013 Let your senses relax in a sauna that reflects the untouched beauty surrounding you.<br><br><\/li>\n<\/ul>\n\n\n\n<div class=\"wp-block-buttons is-layout-flex wp-block-buttons-is-layout-flex\">\n<div class=\"wp-block-button\"><a class=\"wp-block-button__link wp-element-button\" href=\"https:\/\/harmonynest.ee\/en\/tutvu-majaga\/\" target=\"_blank\" rel=\"noreferrer noopener\">ABOUT THE CABIN<\/a><\/div>\n\n\n\n<div class=\"wp-block-button\"><a class=\"wp-block-button__link wp-element-button\" href=\"https:\/\/harmonynest.ee\/en\/galerii\/\" target=\"_blank\" rel=\"noreferrer noopener\">GALLERY<\/a><\/div>\n<\/div>\n<\/div>\n\n\n\n<div class=\"wp-block-column is-layout-flow wp-block-column-is-layout-flow\" style=\"padding-right:var(--wp--preset--spacing--30);padding-left:var(--wp--preset--spacing--30);flex-basis:66.66%\">\n<figure class=\"wp-block-gallery has-nested-images columns-default is-cropped wp-block-gallery-1 is-layout-flex wp-block-gallery-is-layout-flex\">\n<figure class=\"wp-block-image size-large\"><a href=\"https:\/\/harmonynest.ee\/wp-content\/uploads\/2025\/02\/Peegelmajad-Helmes-18_01_2025.jpg\"><img loading=\"lazy\" decoding=\"async\" width=\"1024\" height=\"682\" src=\"https:\/\/harmonynest.ee\/wp-content\/uploads\/2025\/02\/Peegelmajad-Helmes-18_01_2025-1024x682.jpg\" alt=\"\" class=\"wp-image-99\" srcset=\"https:\/\/harmonynest.ee\/wp-content\/uploads\/2025\/02\/Peegelmajad-Helmes-18_01_2025-1024x682.jpg 1024w, https:\/\/harmonynest.ee\/wp-content\/uploads\/2025\/02\/Peegelmajad-Helmes-18_01_2025-300x200.jpg 300w, https:\/\/harmonynest.ee\/wp-content\/uploads\/2025\/02\/Peegelmajad-Helmes-18_01_2025-768x512.jpg 768w, https:\/\/harmonynest.ee\/wp-content\/uploads\/2025\/02\/Peegelmajad-Helmes-18_01_2025-1536x1024.jpg 1536w, https:\/\/harmonynest.ee\/wp-content\/uploads\/2025\/02\/Peegelmajad-Helmes-18_01_2025-1568x1045.jpg 1568w, https:\/\/harmonynest.ee\/wp-content\/uploads\/2025\/02\/Peegelmajad-Helmes-18_01_2025.jpg 1994w\" sizes=\"auto, (max-width: 1024px) 100vw, 1024px\" \/><\/a><\/figure>\n<\/figure>\n<\/div>\n<\/div>\n\n\n\n<div style=\"height:17px\" aria-hidden=\"true\" class=\"wp-block-spacer\"><\/div>\n\n\n\n<div class=\"wp-block-columns alignfull is-layout-flex wp-container-core-columns-is-layout-2 wp-block-columns-is-layout-flex\">\n<div class=\"wp-block-column is-layout-flow wp-block-column-is-layout-flow\" style=\"padding-right:var(--wp--preset--spacing--30);padding-left:var(--wp--preset--spacing--30);flex-basis:66.66%\">\n<figure class=\"wp-block-image size-large\"><a href=\"https:\/\/harmonynest.ee\/wp-content\/uploads\/2025\/02\/Peegelmajad-Helmes-18_01_2025-12.jpg\"><img loading=\"lazy\" decoding=\"async\" width=\"1024\" height=\"683\" src=\"https:\/\/harmonynest.ee\/wp-content\/uploads\/2025\/02\/Peegelmajad-Helmes-18_01_2025-12-1024x683.jpg\" alt=\"\" class=\"wp-image-27\" srcset=\"https:\/\/harmonynest.ee\/wp-content\/uploads\/2025\/02\/Peegelmajad-Helmes-18_01_2025-12-1024x683.jpg 1024w, https:\/\/harmonynest.ee\/wp-content\/uploads\/2025\/02\/Peegelmajad-Helmes-18_01_2025-12-300x200.jpg 300w, https:\/\/harmonynest.ee\/wp-content\/uploads\/2025\/02\/Peegelmajad-Helmes-18_01_2025-12-768x512.jpg 768w, https:\/\/harmonynest.ee\/wp-content\/uploads\/2025\/02\/Peegelmajad-Helmes-18_01_2025-12-1536x1024.jpg 1536w, https:\/\/harmonynest.ee\/wp-content\/uploads\/2025\/02\/Peegelmajad-Helmes-18_01_2025-12-2048x1365.jpg 2048w, https:\/\/harmonynest.ee\/wp-content\/uploads\/2025\/02\/Peegelmajad-Helmes-18_01_2025-12-1568x1045.jpg 1568w\" sizes=\"auto, (max-width: 1024px) 100vw, 1024px\" \/><\/a><\/figure>\n<\/div>\n\n\n\n<div class=\"wp-block-column is-vertically-aligned-center wp-block-edhotels-first-column-in-mobile is-layout-flow wp-block-column-is-layout-flow\" style=\"padding-right:var(--wp--preset--spacing--30);padding-left:var(--wp--preset--spacing--30);flex-basis:33.33%\">\n<h2 class=\"wp-block-heading has-text-color has-link-color wp-elements-adef18c2052588e7776cdef146ae4f43\" style=\"color:#202f22\"><strong>Here at Harmony Nest<\/strong><\/h2>\n\n\n\n<ul class=\"wp-block-list\">\n<li style=\"font-size:18px\">Enjoy the stunning natural views of Mulgimaa at every step.<\/li>\n\n\n\n<li>Relax in the mirror sauna and treat your senses to soothing warmth, surrounded by nature\u2019s embrace.<\/li>\n\n\n\n<li>Breathe in the fresh forest air as you soak in the luxurious massage tub with a view that feels like magic.<\/li>\n\n\n\n<li style=\"font-size:18px\">The spacious private terrace is the perfect spot for morning coffee, stargazing nights, or simply being with nature.<br><br><\/li>\n<\/ul>\n\n\n\n<div class=\"wp-block-buttons is-layout-flex wp-block-buttons-is-layout-flex\">\n<div class=\"wp-block-button\"><a class=\"wp-block-button__link wp-element-button\" href=\"https:\/\/bouk.io\/booking\/harmonynest\/704\/rooms?language=en&amp;adults=2\" target=\"_blank\" rel=\"noreferrer noopener\">BOOK YOUR STAY<\/a><\/div>\n<\/div>\n<\/div>\n<\/div>\n\n\n\n<div class=\"wp-block-webfactory-map alignfull google-map-edhotels\"><div class=\"wp-block-webfactory-map\"><iframe title=\"Map\" width=\"100%\" height=\"400px\"<iframe src=\"https:\/\/www.google.com\/maps\/embed?pb=!1m18!1m12!1m3!1d2111.7305855678087!2d25.863987476597874!3d58.04318747401721!2m3!1f0!2f0!3f0!3m2!1i1024!2i768!4f13.1!3m3!1m2!1s0x46eb71789e54672f%3A0xf18f2522b3d1090!2sLoodushotell%20Harmony%20Nest!5e0!3m2!1set!2see!4v1739090424990!5m2!1set!2see\" width=\"600\" height=\"450\" style=\"border:0;\" allowfullscreen=\"\" loading=\"lazy\" referrerpolicy=\"no-referrer-when-downgrade\"><\/iframe><\/div><\/div>\n","protected":false},"excerpt":{"rendered":"<p>Harmony Nest is a unique holiday home for two, created for those who wish to escape the hustle of the city and immerse themselves in nature&#8217;s harmony. Surrounded by forest, the mirrored glass cabin offers complete tranquility and privacy \u2014 a chance to break from routine and restore inner balance. At Harmony Nest Nature Hotel, [&hellip;]<\/p>\n","protected":false},"author":1,"featured_media":0,"parent":0,"menu_order":0,"comment_status":"closed","ping_status":"closed","template":"","meta":{"footnotes":""},"class_list":["post-475","page","type-page","status-publish","hentry"],"yoast_head":"<!-- This site is optimized with the Yoast SEO plugin v24.4 - https:\/\/yoast.com\/wordpress\/plugins\/seo\/ -->\n<title>Loodushotell Harmony Nest | Puhkus looduses<\/title>\n<meta name=\"description\" content=\"Puhkemaja Harmony Nest - metsaga \u00fcmbritsetud majake Mulgimaal v\u00f5imaldab nautida rahu ja privaatsust koos peegelsauna ja massaa\u017eivanniga.\" \/>\n<meta name=\"robots\" content=\"index, follow, max-snippet:-1, max-image-preview:large, max-video-preview:-1\" \/>\n<link rel=\"canonical\" href=\"https:\/\/harmonynest.ee\/en\/\" \/>\n<meta property=\"og:locale\" content=\"en_US\" \/>\n<meta property=\"og:type\" content=\"article\" \/>\n<meta property=\"og:title\" content=\"Loodushotell Harmony Nest | Puhkus looduses\" \/>\n<meta property=\"og:description\" content=\"Puhkemaja Harmony Nest - metsaga \u00fcmbritsetud majake Mulgimaal v\u00f5imaldab nautida rahu ja privaatsust koos peegelsauna ja massaa\u017eivanniga.\" \/>\n<meta property=\"og:url\" content=\"https:\/\/harmonynest.ee\/en\/\" \/>\n<meta property=\"og:site_name\" content=\"Harmony Nest\" \/>\n<meta property=\"article:modified_time\" content=\"2026-02-10T11:24:42+00:00\" \/>\n<meta property=\"og:image\" content=\"https:\/\/harmonynest.ee\/wp-content\/uploads\/2025\/02\/Peegelmajad-Helmes-18_01_2025-106-scaled.jpg\" \/>\n\t<meta property=\"og:image:width\" content=\"1707\" \/>\n\t<meta property=\"og:image:height\" content=\"2560\" \/>\n\t<meta property=\"og:image:type\" content=\"image\/jpeg\" \/>\n<meta name=\"twitter:card\" content=\"summary_large_image\" \/>\n<meta name=\"twitter:label1\" content=\"Est. reading time\" \/>\n\t<meta name=\"twitter:data1\" content=\"2 minutes\" \/>\n<script type=\"application\/ld+json\" class=\"yoast-schema-graph\">{\"@context\":\"https:\/\/schema.org\",\"@graph\":[{\"@type\":\"WebPage\",\"@id\":\"https:\/\/harmonynest.ee\/en\/\",\"url\":\"https:\/\/harmonynest.ee\/en\/\",\"name\":\"Loodushotell Harmony Nest | Puhkus looduses\",\"isPartOf\":{\"@id\":\"https:\/\/harmonynest.ee\/#website\"},\"primaryImageOfPage\":{\"@id\":\"https:\/\/harmonynest.ee\/en\/#primaryimage\"},\"image\":{\"@id\":\"https:\/\/harmonynest.ee\/en\/#primaryimage\"},\"thumbnailUrl\":\"https:\/\/harmonynest.ee\/wp-content\/uploads\/2025\/02\/Peegelmajad-Helmes-18_01_2025-106-scaled.jpg\",\"datePublished\":\"2025-01-21T09:47:02+00:00\",\"dateModified\":\"2026-02-10T11:24:42+00:00\",\"description\":\"Puhkemaja Harmony Nest - metsaga \u00fcmbritsetud majake Mulgimaal v\u00f5imaldab nautida rahu ja privaatsust koos peegelsauna ja massaa\u017eivanniga.\",\"breadcrumb\":{\"@id\":\"https:\/\/harmonynest.ee\/en\/#breadcrumb\"},\"inLanguage\":\"en-US\",\"potentialAction\":[{\"@type\":\"ReadAction\",\"target\":[\"https:\/\/harmonynest.ee\/en\/\"]}]},{\"@type\":\"ImageObject\",\"inLanguage\":\"en-US\",\"@id\":\"https:\/\/harmonynest.ee\/en\/#primaryimage\",\"url\":\"https:\/\/harmonynest.ee\/wp-content\/uploads\/2025\/02\/Peegelmajad-Helmes-18_01_2025-106-scaled.jpg\",\"contentUrl\":\"https:\/\/harmonynest.ee\/wp-content\/uploads\/2025\/02\/Peegelmajad-Helmes-18_01_2025-106-scaled.jpg\"},{\"@type\":\"BreadcrumbList\",\"@id\":\"https:\/\/harmonynest.ee\/en\/#breadcrumb\",\"itemListElement\":[{\"@type\":\"ListItem\",\"position\":1,\"name\":\"Home\",\"item\":\"https:\/\/harmonynest.ee\/en\/\"},{\"@type\":\"ListItem\",\"position\":2,\"name\":\"HOME\"}]},{\"@type\":\"WebSite\",\"@id\":\"https:\/\/harmonynest.ee\/#website\",\"url\":\"https:\/\/harmonynest.ee\/\",\"name\":\"Harmony Nest\",\"description\":\"Harmony Nest &ndash; see on ainulaadne puhkemaja kahele\",\"potentialAction\":[{\"@type\":\"SearchAction\",\"target\":{\"@type\":\"EntryPoint\",\"urlTemplate\":\"https:\/\/harmonynest.ee\/?s={search_term_string}\"},\"query-input\":{\"@type\":\"PropertyValueSpecification\",\"valueRequired\":true,\"valueName\":\"search_term_string\"}}],\"inLanguage\":\"en-US\"}]}<\/script>\n<!-- \/ Yoast SEO plugin. -->","yoast_head_json":{"title":"Loodushotell Harmony Nest | Puhkus looduses","description":"Puhkemaja Harmony Nest - metsaga \u00fcmbritsetud majake Mulgimaal v\u00f5imaldab nautida rahu ja privaatsust koos peegelsauna ja massaa\u017eivanniga.","robots":{"index":"index","follow":"follow","max-snippet":"max-snippet:-1","max-image-preview":"max-image-preview:large","max-video-preview":"max-video-preview:-1"},"canonical":"https:\/\/harmonynest.ee\/en\/","og_locale":"en_US","og_type":"article","og_title":"Loodushotell Harmony Nest | Puhkus looduses","og_description":"Puhkemaja Harmony Nest - metsaga \u00fcmbritsetud majake Mulgimaal v\u00f5imaldab nautida rahu ja privaatsust koos peegelsauna ja massaa\u017eivanniga.","og_url":"https:\/\/harmonynest.ee\/en\/","og_site_name":"Harmony Nest","article_modified_time":"2026-02-10T11:24:42+00:00","og_image":[{"width":1707,"height":2560,"url":"https:\/\/harmonynest.ee\/wp-content\/uploads\/2025\/02\/Peegelmajad-Helmes-18_01_2025-106-scaled.jpg","type":"image\/jpeg"}],"twitter_card":"summary_large_image","twitter_misc":{"Est. reading time":"2 minutes"},"schema":{"@context":"https:\/\/schema.org","@graph":[{"@type":"WebPage","@id":"https:\/\/harmonynest.ee\/en\/","url":"https:\/\/harmonynest.ee\/en\/","name":"Loodushotell Harmony Nest | Puhkus looduses","isPartOf":{"@id":"https:\/\/harmonynest.ee\/#website"},"primaryImageOfPage":{"@id":"https:\/\/harmonynest.ee\/en\/#primaryimage"},"image":{"@id":"https:\/\/harmonynest.ee\/en\/#primaryimage"},"thumbnailUrl":"https:\/\/harmonynest.ee\/wp-content\/uploads\/2025\/02\/Peegelmajad-Helmes-18_01_2025-106-scaled.jpg","datePublished":"2025-01-21T09:47:02+00:00","dateModified":"2026-02-10T11:24:42+00:00","description":"Puhkemaja Harmony Nest - metsaga \u00fcmbritsetud majake Mulgimaal v\u00f5imaldab nautida rahu ja privaatsust koos peegelsauna ja massaa\u017eivanniga.","breadcrumb":{"@id":"https:\/\/harmonynest.ee\/en\/#breadcrumb"},"inLanguage":"en-US","potentialAction":[{"@type":"ReadAction","target":["https:\/\/harmonynest.ee\/en\/"]}]},{"@type":"ImageObject","inLanguage":"en-US","@id":"https:\/\/harmonynest.ee\/en\/#primaryimage","url":"https:\/\/harmonynest.ee\/wp-content\/uploads\/2025\/02\/Peegelmajad-Helmes-18_01_2025-106-scaled.jpg","contentUrl":"https:\/\/harmonynest.ee\/wp-content\/uploads\/2025\/02\/Peegelmajad-Helmes-18_01_2025-106-scaled.jpg"},{"@type":"BreadcrumbList","@id":"https:\/\/harmonynest.ee\/en\/#breadcrumb","itemListElement":[{"@type":"ListItem","position":1,"name":"Home","item":"https:\/\/harmonynest.ee\/en\/"},{"@type":"ListItem","position":2,"name":"HOME"}]},{"@type":"WebSite","@id":"https:\/\/harmonynest.ee\/#website","url":"https:\/\/harmonynest.ee\/","name":"Harmony Nest","description":"Harmony Nest &ndash; see on ainulaadne puhkemaja kahele","potentialAction":[{"@type":"SearchAction","target":{"@type":"EntryPoint","urlTemplate":"https:\/\/harmonynest.ee\/?s={search_term_string}"},"query-input":{"@type":"PropertyValueSpecification","valueRequired":true,"valueName":"search_term_string"}}],"inLanguage":"en-US"}]}},"_links":{"self":[{"href":"https:\/\/harmonynest.ee\/en\/wp-json\/wp\/v2\/pages\/475","targetHints":{"allow":["GET"]}}],"collection":[{"href":"https:\/\/harmonynest.ee\/en\/wp-json\/wp\/v2\/pages"}],"about":[{"href":"https:\/\/harmonynest.ee\/en\/wp-json\/wp\/v2\/types\/page"}],"author":[{"embeddable":true,"href":"https:\/\/harmonynest.ee\/en\/wp-json\/wp\/v2\/users\/1"}],"replies":[{"embeddable":true,"href":"https:\/\/harmonynest.ee\/en\/wp-json\/wp\/v2\/comments?post=475"}],"version-history":[{"count":4,"href":"https:\/\/harmonynest.ee\/en\/wp-json\/wp\/v2\/pages\/475\/revisions"}],"predecessor-version":[{"id":533,"href":"https:\/\/harmonynest.ee\/en\/wp-json\/wp\/v2\/pages\/475\/revisions\/533"}],"wp:attachment":[{"href":"https:\/\/harmonynest.ee\/en\/wp-json\/wp\/v2\/media?parent=475"}],"curies":[{"name":"wp","href":"https:\/\/api.w.org\/{rel}","templated":true}]}}