{"id":465,"date":"2025-01-21T09:47:02","date_gmt":"2025-01-21T09:47:02","guid":{"rendered":"https:\/\/harmonynest.ee\/home\/"},"modified":"2026-02-10T11:13:17","modified_gmt":"2026-02-10T11:13:17","slug":"home","status":"publish","type":"page","link":"https:\/\/harmonynest.ee\/lv\/","title":{"rendered":"S\u0100KUMS"},"content":{"rendered":"\n<div class=\"wp-block-cover alignfull is-light\" style=\"min-height:100vh;aspect-ratio:unset;\"><span aria-hidden=\"true\" class=\"wp-block-cover__background has-background-dim-0 has-background-dim\"><\/span><img loading=\"lazy\" decoding=\"async\" width=\"1707\" height=\"2560\" class=\"wp-block-cover__image-background wp-image-63\" alt=\"\" src=\"https:\/\/harmonynest.ee\/wp-content\/uploads\/2025\/02\/Peegelmajad-Helmes-18_01_2025-106-scaled.jpg\" style=\"object-position:54% 57%\" data-object-fit=\"cover\" data-object-position=\"54% 57%\" srcset=\"https:\/\/harmonynest.ee\/wp-content\/uploads\/2025\/02\/Peegelmajad-Helmes-18_01_2025-106-scaled.jpg 1707w, https:\/\/harmonynest.ee\/wp-content\/uploads\/2025\/02\/Peegelmajad-Helmes-18_01_2025-106-200x300.jpg 200w, https:\/\/harmonynest.ee\/wp-content\/uploads\/2025\/02\/Peegelmajad-Helmes-18_01_2025-106-683x1024.jpg 683w, https:\/\/harmonynest.ee\/wp-content\/uploads\/2025\/02\/Peegelmajad-Helmes-18_01_2025-106-768x1152.jpg 768w, https:\/\/harmonynest.ee\/wp-content\/uploads\/2025\/02\/Peegelmajad-Helmes-18_01_2025-106-1024x1536.jpg 1024w, https:\/\/harmonynest.ee\/wp-content\/uploads\/2025\/02\/Peegelmajad-Helmes-18_01_2025-106-1366x2048.jpg 1366w, https:\/\/harmonynest.ee\/wp-content\/uploads\/2025\/02\/Peegelmajad-Helmes-18_01_2025-106-1568x2351.jpg 1568w\" sizes=\"auto, (max-width: 1707px) 100vw, 1707px\" \/><div class=\"wp-block-cover__inner-container is-layout-flow wp-block-cover-is-layout-flow\">\n<h1 class=\"wp-block-heading has-text-align-center has-white-color has-text-color has-link-color wp-elements-16de17f1d5b61f0d7ff5fb2511494395\"><br><br><br><br><br><br><br>\u013baujieties mirklim \u2013 \u0161eit un tagad!<br><br><\/h1>\n\n\n\n<p class=\"has-text-align-center\"><\/p>\n<\/div><\/div>\n\n\n\n<div style=\"height:17px\" aria-hidden=\"true\" class=\"wp-block-spacer\"><\/div>\n\n\n\n<p class=\"has-text-align-center\" style=\"font-size:20px\">\u201cHarmony Nest\u201d \u2013 unik\u0101la br\u012bvdienu m\u0101ja diviem, rad\u012bta tiem, kas v\u0113las aizb\u0113gt no pils\u0113tas burzmas un iegremd\u0113ties harmonij\u0101 ar dabu. Me\u017ea ieskautais spogu\u013cotais nami\u0146\u0161 \u013caus izbaud\u012bt piln\u012bgu mieru un priv\u0101tumu, pied\u0101v\u0101jot iesp\u0113ju atrauties no ikdienas rut\u012bnas un atjaunot iek\u0161\u0113jo l\u012bdzsvaru.<\/p>\n\n\n\n<div style=\"height:17px\" aria-hidden=\"true\" class=\"wp-block-spacer\"><\/div>\n\n\n\n<div class=\"wp-block-columns alignfull is-layout-flex wp-container-core-columns-is-layout-1 wp-block-columns-is-layout-flex\">\n<div class=\"wp-block-column is-vertically-aligned-center wp-block-edhotels-first-column-in-mobile is-layout-flow wp-block-column-is-layout-flow\" style=\"padding-top:0;padding-right:var(--wp--preset--spacing--30);padding-bottom:0;padding-left:var(--wp--preset--spacing--30);flex-basis:33.33%\">\n<h2 class=\"wp-block-heading has-text-color has-link-color wp-elements-63b623e3f64487d6e07c78055a504a78\" style=\"color:#202f22\">Dabas viesn\u012bca \u201cHarmony Nest\u201d:<\/h2>\n\n\n\n<ul class=\"wp-block-list\">\n<li style=\"font-size:18px\">Nami\u0146\u0161 ar stikla sien\u0101m \u2013 mostieties l\u012bdz ar sauli un v\u0113rojiet Mulgim\u0101 gleznainos dabas skatus ik uz so\u013ca!<\/li>\n\n\n\n<li>Pla\u0161a priv\u0101ta terase \u2013 malkojiet r\u012bta kafiju un \u013caujieties klusiem vakariem vai vienk\u0101r\u0161i saj\u016btiet dabas tuvumu!<\/li>\n\n\n\n<li>Luksusa mas\u0101\u017eas vanna \u2013 \u013caujieties relaks\u0113jo\u0161iem mirk\u013ciem ar ma\u0123isku dabas skatu!<\/li>\n\n\n\n<li style=\"font-size:18px\">Unik\u0101la spogu\u013csauna \u2013 palutiniet savas ma\u0146as pirt\u012b, kur\u0101 atspogu\u013cojas apk\u0101rt\u0113j\u0101 daba!<br><br><\/li>\n<\/ul>\n\n\n\n<div class=\"wp-block-buttons is-layout-flex wp-block-buttons-is-layout-flex\">\n<div class=\"wp-block-button\"><a class=\"wp-block-button__link wp-element-button\" href=\"https:\/\/harmonynest.ee\/lv\/tutvu-majaga\/\" target=\"_blank\" rel=\"noreferrer noopener\">APSKAT\u012aT \u0112KU<\/a><\/div>\n\n\n\n<div class=\"wp-block-button\"><a class=\"wp-block-button__link wp-element-button\" href=\"https:\/\/harmonynest.ee\/lv\/galerii\/\" target=\"_blank\" rel=\"noreferrer noopener\">GALERIJA<\/a><\/div>\n<\/div>\n<\/div>\n\n\n\n<div class=\"wp-block-column is-layout-flow wp-block-column-is-layout-flow\" style=\"padding-right:var(--wp--preset--spacing--30);padding-left:var(--wp--preset--spacing--30);flex-basis:66.66%\">\n<figure class=\"wp-block-gallery has-nested-images columns-default is-cropped wp-block-gallery-1 is-layout-flex wp-block-gallery-is-layout-flex\">\n<figure class=\"wp-block-image size-large\"><a href=\"https:\/\/harmonynest.ee\/wp-content\/uploads\/2025\/02\/Peegelmajad-Helmes-18_01_2025.jpg\"><img loading=\"lazy\" decoding=\"async\" width=\"1024\" height=\"682\" src=\"https:\/\/harmonynest.ee\/wp-content\/uploads\/2025\/02\/Peegelmajad-Helmes-18_01_2025-1024x682.jpg\" alt=\"\" class=\"wp-image-99\" srcset=\"https:\/\/harmonynest.ee\/wp-content\/uploads\/2025\/02\/Peegelmajad-Helmes-18_01_2025-1024x682.jpg 1024w, https:\/\/harmonynest.ee\/wp-content\/uploads\/2025\/02\/Peegelmajad-Helmes-18_01_2025-300x200.jpg 300w, https:\/\/harmonynest.ee\/wp-content\/uploads\/2025\/02\/Peegelmajad-Helmes-18_01_2025-768x512.jpg 768w, https:\/\/harmonynest.ee\/wp-content\/uploads\/2025\/02\/Peegelmajad-Helmes-18_01_2025-1536x1024.jpg 1536w, https:\/\/harmonynest.ee\/wp-content\/uploads\/2025\/02\/Peegelmajad-Helmes-18_01_2025-1568x1045.jpg 1568w, https:\/\/harmonynest.ee\/wp-content\/uploads\/2025\/02\/Peegelmajad-Helmes-18_01_2025.jpg 1994w\" sizes=\"auto, (max-width: 1024px) 100vw, 1024px\" \/><\/a><\/figure>\n<\/figure>\n<\/div>\n<\/div>\n\n\n\n<div style=\"height:17px\" aria-hidden=\"true\" class=\"wp-block-spacer\"><\/div>\n\n\n\n<div class=\"wp-block-columns alignfull is-layout-flex wp-container-core-columns-is-layout-2 wp-block-columns-is-layout-flex\">\n<div class=\"wp-block-column is-layout-flow wp-block-column-is-layout-flow\" style=\"padding-right:var(--wp--preset--spacing--30);padding-left:var(--wp--preset--spacing--30);flex-basis:66.66%\">\n<figure class=\"wp-block-image size-large\"><a href=\"https:\/\/harmonynest.ee\/wp-content\/uploads\/2025\/02\/Peegelmajad-Helmes-18_01_2025-12.jpg\"><img loading=\"lazy\" decoding=\"async\" width=\"1024\" height=\"683\" src=\"https:\/\/harmonynest.ee\/wp-content\/uploads\/2025\/02\/Peegelmajad-Helmes-18_01_2025-12-1024x683.jpg\" alt=\"\" class=\"wp-image-27\" srcset=\"https:\/\/harmonynest.ee\/wp-content\/uploads\/2025\/02\/Peegelmajad-Helmes-18_01_2025-12-1024x683.jpg 1024w, https:\/\/harmonynest.ee\/wp-content\/uploads\/2025\/02\/Peegelmajad-Helmes-18_01_2025-12-300x200.jpg 300w, https:\/\/harmonynest.ee\/wp-content\/uploads\/2025\/02\/Peegelmajad-Helmes-18_01_2025-12-768x512.jpg 768w, https:\/\/harmonynest.ee\/wp-content\/uploads\/2025\/02\/Peegelmajad-Helmes-18_01_2025-12-1536x1024.jpg 1536w, https:\/\/harmonynest.ee\/wp-content\/uploads\/2025\/02\/Peegelmajad-Helmes-18_01_2025-12-2048x1365.jpg 2048w, https:\/\/harmonynest.ee\/wp-content\/uploads\/2025\/02\/Peegelmajad-Helmes-18_01_2025-12-1568x1045.jpg 1568w\" sizes=\"auto, (max-width: 1024px) 100vw, 1024px\" \/><\/a><\/figure>\n<\/div>\n\n\n\n<div class=\"wp-block-column is-vertically-aligned-center wp-block-edhotels-first-column-in-mobile is-layout-flow wp-block-column-is-layout-flow\" style=\"padding-right:var(--wp--preset--spacing--30);padding-left:var(--wp--preset--spacing--30);flex-basis:33.33%\">\n<h2 class=\"wp-block-heading has-text-color has-link-color wp-elements-3a5f37e437f2752f992ed9a477c8bd74\" style=\"color:#202f22\">Pie mums var\u0113siet<\/h2>\n\n\n\n<ul class=\"wp-block-list\">\n<li style=\"font-size:18px\">ik uz so\u013ca v\u0113rot Mulgim\u0101 gleznaino dabu;<\/li>\n\n\n\n<li>spogu\u013csaun\u0101 dabas kl\u0113p\u012b baud\u012bt pirts priekus un relaks\u0113jo\u0161o karstumu;<\/li>\n\n\n\n<li>luksusa mas\u0101\u017eas vann\u0101 ma\u0123isku ainavu apsk\u0101vienos \u013cauties atp\u016btas mirk\u013ciem un elpot svaigu me\u017ea gaisu;<\/li>\n\n\n\n<li style=\"font-size:18px\">pla\u0161\u0101 priv\u0101t\u0101 teras\u0113 malkot r\u012bta kafiju, v\u0113rot zvaig\u017e\u0146ot\u0101s debesis vai vienk\u0101r\u0161i baud\u012bt dabu.<br><br><\/li>\n<\/ul>\n\n\n\n<div class=\"wp-block-buttons is-layout-flex wp-block-buttons-is-layout-flex\">\n<div class=\"wp-block-button\"><a class=\"wp-block-button__link wp-element-button\" href=\"https:\/\/bouk.io\/booking\/harmonynest\/704\/rooms?language=lv&amp;adults=2\" target=\"_blank\" rel=\"noreferrer noopener\">REZERV\u0112T NAKTSM\u012aTNI<\/a><\/div>\n<\/div>\n<\/div>\n<\/div>\n\n\n\n<div class=\"wp-block-webfactory-map alignfull google-map-edhotels\"><div class=\"wp-block-webfactory-map\"><iframe title=\"Map\" width=\"100%\" height=\"400px\"<iframe src=\"https:\/\/www.google.com\/maps\/embed?pb=!1m18!1m12!1m3!1d2111.7305855678087!2d25.863987476597874!3d58.04318747401721!2m3!1f0!2f0!3f0!3m2!1i1024!2i768!4f13.1!3m3!1m2!1s0x46eb71789e54672f%3A0xf18f2522b3d1090!2sLoodushotell%20Harmony%20Nest!5e0!3m2!1set!2see!4v1739090424990!5m2!1set!2see\" width=\"600\" height=\"450\" style=\"border:0;\" allowfullscreen=\"\" loading=\"lazy\" referrerpolicy=\"no-referrer-when-downgrade\"><\/iframe><\/div><\/div>\n","protected":false},"excerpt":{"rendered":"<p>\u201cHarmony Nest\u201d \u2013 unik\u0101la br\u012bvdienu m\u0101ja diviem, rad\u012bta tiem, kas v\u0113las aizb\u0113gt no pils\u0113tas burzmas un iegremd\u0113ties harmonij\u0101 ar dabu. Me\u017ea ieskautais spogu\u013cotais nami\u0146\u0161 \u013caus izbaud\u012bt piln\u012bgu mieru un priv\u0101tumu, pied\u0101v\u0101jot iesp\u0113ju atrauties no ikdienas rut\u012bnas un atjaunot iek\u0161\u0113jo l\u012bdzsvaru. Dabas viesn\u012bca \u201cHarmony Nest\u201d: Pie mums var\u0113siet<\/p>\n","protected":false},"author":1,"featured_media":0,"parent":0,"menu_order":0,"comment_status":"closed","ping_status":"closed","template":"","meta":{"footnotes":""},"class_list":["post-465","page","type-page","status-publish","hentry"],"yoast_head":"<!-- This site is optimized with the Yoast SEO plugin v24.4 - https:\/\/yoast.com\/wordpress\/plugins\/seo\/ -->\n<title>Loodushotell Harmony Nest | Puhkus looduses<\/title>\n<meta name=\"description\" content=\"Br\u012bvdienu m\u0101ja Harmony Nest \u2013 me\u017ea ieskauta nami\u0146a Mulgimaa re\u0123ion\u0101, kas pied\u0101v\u0101 mieru, priv\u0101tumu, spogu\u013csaunu un mas\u0101\u017eas kublu relaks\u0113jo\u0161ai atp\u016btai dab\u0101.\" \/>\n<meta name=\"robots\" content=\"index, follow, max-snippet:-1, max-image-preview:large, max-video-preview:-1\" \/>\n<link rel=\"canonical\" href=\"https:\/\/harmonynest.ee\/lv\/\" \/>\n<meta property=\"og:locale\" content=\"lv_LV\" \/>\n<meta property=\"og:type\" content=\"article\" \/>\n<meta property=\"og:title\" content=\"Loodushotell Harmony Nest | Puhkus looduses\" \/>\n<meta property=\"og:description\" content=\"Br\u012bvdienu m\u0101ja Harmony Nest \u2013 me\u017ea ieskauta nami\u0146a Mulgimaa re\u0123ion\u0101, kas pied\u0101v\u0101 mieru, priv\u0101tumu, spogu\u013csaunu un mas\u0101\u017eas kublu relaks\u0113jo\u0161ai atp\u016btai dab\u0101.\" \/>\n<meta property=\"og:url\" content=\"https:\/\/harmonynest.ee\/lv\/\" \/>\n<meta property=\"og:site_name\" content=\"Harmony Nest\" \/>\n<meta property=\"article:modified_time\" content=\"2026-02-10T11:13:17+00:00\" \/>\n<meta property=\"og:image\" content=\"https:\/\/harmonynest.ee\/wp-content\/uploads\/2025\/02\/Peegelmajad-Helmes-18_01_2025-106-scaled.jpg\" \/>\n\t<meta property=\"og:image:width\" content=\"1707\" \/>\n\t<meta property=\"og:image:height\" content=\"2560\" \/>\n\t<meta property=\"og:image:type\" content=\"image\/jpeg\" \/>\n<meta name=\"twitter:card\" content=\"summary_large_image\" \/>\n<meta name=\"twitter:label1\" content=\"Est. reading time\" \/>\n\t<meta name=\"twitter:data1\" content=\"2 minutes\" \/>\n<script type=\"application\/ld+json\" class=\"yoast-schema-graph\">{\"@context\":\"https:\/\/schema.org\",\"@graph\":[{\"@type\":\"WebPage\",\"@id\":\"https:\/\/harmonynest.ee\/lv\/\",\"url\":\"https:\/\/harmonynest.ee\/lv\/\",\"name\":\"Loodushotell Harmony Nest | Puhkus looduses\",\"isPartOf\":{\"@id\":\"https:\/\/harmonynest.ee\/#website\"},\"primaryImageOfPage\":{\"@id\":\"https:\/\/harmonynest.ee\/lv\/#primaryimage\"},\"image\":{\"@id\":\"https:\/\/harmonynest.ee\/lv\/#primaryimage\"},\"thumbnailUrl\":\"https:\/\/harmonynest.ee\/wp-content\/uploads\/2025\/02\/Peegelmajad-Helmes-18_01_2025-106-scaled.jpg\",\"datePublished\":\"2025-01-21T09:47:02+00:00\",\"dateModified\":\"2026-02-10T11:13:17+00:00\",\"description\":\"Br\u012bvdienu m\u0101ja Harmony Nest \u2013 me\u017ea ieskauta nami\u0146a Mulgimaa re\u0123ion\u0101, kas pied\u0101v\u0101 mieru, priv\u0101tumu, spogu\u013csaunu un mas\u0101\u017eas kublu relaks\u0113jo\u0161ai atp\u016btai dab\u0101.\",\"breadcrumb\":{\"@id\":\"https:\/\/harmonynest.ee\/lv\/#breadcrumb\"},\"inLanguage\":\"lv-LV\",\"potentialAction\":[{\"@type\":\"ReadAction\",\"target\":[\"https:\/\/harmonynest.ee\/lv\/\"]}]},{\"@type\":\"ImageObject\",\"inLanguage\":\"lv-LV\",\"@id\":\"https:\/\/harmonynest.ee\/lv\/#primaryimage\",\"url\":\"https:\/\/harmonynest.ee\/wp-content\/uploads\/2025\/02\/Peegelmajad-Helmes-18_01_2025-106-scaled.jpg\",\"contentUrl\":\"https:\/\/harmonynest.ee\/wp-content\/uploads\/2025\/02\/Peegelmajad-Helmes-18_01_2025-106-scaled.jpg\"},{\"@type\":\"BreadcrumbList\",\"@id\":\"https:\/\/harmonynest.ee\/lv\/#breadcrumb\",\"itemListElement\":[{\"@type\":\"ListItem\",\"position\":1,\"name\":\"Home\",\"item\":\"https:\/\/harmonynest.ee\/lv\/\"},{\"@type\":\"ListItem\",\"position\":2,\"name\":\"S\u0100KUMS\"}]},{\"@type\":\"WebSite\",\"@id\":\"https:\/\/harmonynest.ee\/#website\",\"url\":\"https:\/\/harmonynest.ee\/\",\"name\":\"Harmony Nest\",\"description\":\"Harmony Nest &ndash; see on ainulaadne puhkemaja kahele\",\"potentialAction\":[{\"@type\":\"SearchAction\",\"target\":{\"@type\":\"EntryPoint\",\"urlTemplate\":\"https:\/\/harmonynest.ee\/?s={search_term_string}\"},\"query-input\":{\"@type\":\"PropertyValueSpecification\",\"valueRequired\":true,\"valueName\":\"search_term_string\"}}],\"inLanguage\":\"lv-LV\"}]}<\/script>\n<!-- \/ Yoast SEO plugin. -->","yoast_head_json":{"title":"Loodushotell Harmony Nest | Puhkus looduses","description":"Br\u012bvdienu m\u0101ja Harmony Nest \u2013 me\u017ea ieskauta nami\u0146a Mulgimaa re\u0123ion\u0101, kas pied\u0101v\u0101 mieru, priv\u0101tumu, spogu\u013csaunu un mas\u0101\u017eas kublu relaks\u0113jo\u0161ai atp\u016btai dab\u0101.","robots":{"index":"index","follow":"follow","max-snippet":"max-snippet:-1","max-image-preview":"max-image-preview:large","max-video-preview":"max-video-preview:-1"},"canonical":"https:\/\/harmonynest.ee\/lv\/","og_locale":"lv_LV","og_type":"article","og_title":"Loodushotell Harmony Nest | Puhkus looduses","og_description":"Br\u012bvdienu m\u0101ja Harmony Nest \u2013 me\u017ea ieskauta nami\u0146a Mulgimaa re\u0123ion\u0101, kas pied\u0101v\u0101 mieru, priv\u0101tumu, spogu\u013csaunu un mas\u0101\u017eas kublu relaks\u0113jo\u0161ai atp\u016btai dab\u0101.","og_url":"https:\/\/harmonynest.ee\/lv\/","og_site_name":"Harmony Nest","article_modified_time":"2026-02-10T11:13:17+00:00","og_image":[{"width":1707,"height":2560,"url":"https:\/\/harmonynest.ee\/wp-content\/uploads\/2025\/02\/Peegelmajad-Helmes-18_01_2025-106-scaled.jpg","type":"image\/jpeg"}],"twitter_card":"summary_large_image","twitter_misc":{"Est. reading time":"2 minutes"},"schema":{"@context":"https:\/\/schema.org","@graph":[{"@type":"WebPage","@id":"https:\/\/harmonynest.ee\/lv\/","url":"https:\/\/harmonynest.ee\/lv\/","name":"Loodushotell Harmony Nest | Puhkus looduses","isPartOf":{"@id":"https:\/\/harmonynest.ee\/#website"},"primaryImageOfPage":{"@id":"https:\/\/harmonynest.ee\/lv\/#primaryimage"},"image":{"@id":"https:\/\/harmonynest.ee\/lv\/#primaryimage"},"thumbnailUrl":"https:\/\/harmonynest.ee\/wp-content\/uploads\/2025\/02\/Peegelmajad-Helmes-18_01_2025-106-scaled.jpg","datePublished":"2025-01-21T09:47:02+00:00","dateModified":"2026-02-10T11:13:17+00:00","description":"Br\u012bvdienu m\u0101ja Harmony Nest \u2013 me\u017ea ieskauta nami\u0146a Mulgimaa re\u0123ion\u0101, kas pied\u0101v\u0101 mieru, priv\u0101tumu, spogu\u013csaunu un mas\u0101\u017eas kublu relaks\u0113jo\u0161ai atp\u016btai dab\u0101.","breadcrumb":{"@id":"https:\/\/harmonynest.ee\/lv\/#breadcrumb"},"inLanguage":"lv-LV","potentialAction":[{"@type":"ReadAction","target":["https:\/\/harmonynest.ee\/lv\/"]}]},{"@type":"ImageObject","inLanguage":"lv-LV","@id":"https:\/\/harmonynest.ee\/lv\/#primaryimage","url":"https:\/\/harmonynest.ee\/wp-content\/uploads\/2025\/02\/Peegelmajad-Helmes-18_01_2025-106-scaled.jpg","contentUrl":"https:\/\/harmonynest.ee\/wp-content\/uploads\/2025\/02\/Peegelmajad-Helmes-18_01_2025-106-scaled.jpg"},{"@type":"BreadcrumbList","@id":"https:\/\/harmonynest.ee\/lv\/#breadcrumb","itemListElement":[{"@type":"ListItem","position":1,"name":"Home","item":"https:\/\/harmonynest.ee\/lv\/"},{"@type":"ListItem","position":2,"name":"S\u0100KUMS"}]},{"@type":"WebSite","@id":"https:\/\/harmonynest.ee\/#website","url":"https:\/\/harmonynest.ee\/","name":"Harmony Nest","description":"Harmony Nest &ndash; see on ainulaadne puhkemaja kahele","potentialAction":[{"@type":"SearchAction","target":{"@type":"EntryPoint","urlTemplate":"https:\/\/harmonynest.ee\/?s={search_term_string}"},"query-input":{"@type":"PropertyValueSpecification","valueRequired":true,"valueName":"search_term_string"}}],"inLanguage":"lv-LV"}]}},"_links":{"self":[{"href":"https:\/\/harmonynest.ee\/lv\/wp-json\/wp\/v2\/pages\/465","targetHints":{"allow":["GET"]}}],"collection":[{"href":"https:\/\/harmonynest.ee\/lv\/wp-json\/wp\/v2\/pages"}],"about":[{"href":"https:\/\/harmonynest.ee\/lv\/wp-json\/wp\/v2\/types\/page"}],"author":[{"embeddable":true,"href":"https:\/\/harmonynest.ee\/lv\/wp-json\/wp\/v2\/users\/1"}],"replies":[{"embeddable":true,"href":"https:\/\/harmonynest.ee\/lv\/wp-json\/wp\/v2\/comments?post=465"}],"version-history":[{"count":5,"href":"https:\/\/harmonynest.ee\/lv\/wp-json\/wp\/v2\/pages\/465\/revisions"}],"predecessor-version":[{"id":527,"href":"https:\/\/harmonynest.ee\/lv\/wp-json\/wp\/v2\/pages\/465\/revisions\/527"}],"wp:attachment":[{"href":"https:\/\/harmonynest.ee\/lv\/wp-json\/wp\/v2\/media?parent=465"}],"curies":[{"name":"wp","href":"https:\/\/api.w.org\/{rel}","templated":true}]}}