{"id":474,"date":"2025-02-09T08:48:35","date_gmt":"2025-02-09T08:48:35","guid":{"rendered":"https:\/\/harmonynest.ee\/tutvu-majaga\/"},"modified":"2026-02-06T15:27:19","modified_gmt":"2026-02-06T15:27:19","slug":"tutvu-majaga","status":"publish","type":"page","link":"https:\/\/harmonynest.ee\/lv\/tutvu-majaga\/","title":{"rendered":"APSKAT\u012aT \u0112KU"},"content":{"rendered":"\n<div class=\"wp-block-cover alignfull\" style=\"min-height:300px;aspect-ratio:unset;\"><span aria-hidden=\"true\" class=\"wp-block-cover__background has-background-dim-0 has-background-dim\"><\/span><img loading=\"lazy\" decoding=\"async\" width=\"2560\" height=\"1706\" class=\"wp-block-cover__image-background wp-image-39\" alt=\"\" src=\"https:\/\/harmonynest.ee\/wp-content\/uploads\/2025\/02\/Peegelmajad-Helmes-18_01_2025-35-scaled.jpg\" data-object-fit=\"cover\" srcset=\"https:\/\/harmonynest.ee\/wp-content\/uploads\/2025\/02\/Peegelmajad-Helmes-18_01_2025-35-scaled.jpg 2560w, https:\/\/harmonynest.ee\/wp-content\/uploads\/2025\/02\/Peegelmajad-Helmes-18_01_2025-35-300x200.jpg 300w, https:\/\/harmonynest.ee\/wp-content\/uploads\/2025\/02\/Peegelmajad-Helmes-18_01_2025-35-1024x683.jpg 1024w, https:\/\/harmonynest.ee\/wp-content\/uploads\/2025\/02\/Peegelmajad-Helmes-18_01_2025-35-768x512.jpg 768w, https:\/\/harmonynest.ee\/wp-content\/uploads\/2025\/02\/Peegelmajad-Helmes-18_01_2025-35-1536x1024.jpg 1536w, https:\/\/harmonynest.ee\/wp-content\/uploads\/2025\/02\/Peegelmajad-Helmes-18_01_2025-35-2048x1365.jpg 2048w, https:\/\/harmonynest.ee\/wp-content\/uploads\/2025\/02\/Peegelmajad-Helmes-18_01_2025-35-1568x1045.jpg 1568w\" sizes=\"auto, (max-width: 2560px) 100vw, 2560px\" \/><div class=\"wp-block-cover__inner-container is-layout-flow wp-block-cover-is-layout-flow\">\n<h1 class=\"wp-block-heading has-text-align-center has-white-color has-text-color has-link-color wp-elements-96148bb742037674112dd4d6105b3a37\"><br><br><br><br><br><br><br><br><\/h1>\n<\/div><\/div>\n\n\n\n<div style=\"height:17px\" aria-hidden=\"true\" class=\"wp-block-spacer\"><\/div>\n\n\n\n<h2 class=\"wp-block-heading has-text-align-center\">\u201cHarmony Nest\u201d \u2013 vienreiz\u0113ja atp\u016bta dab\u0101.<\/h2>\n\n\n\n<p class=\"has-text-align-center has-medium-font-size\">\u201cHarmony Nest\u201d nav tikai br\u012bvdienu m\u0101ja, bet gan vieta, kur katra deta\u013ca ir r\u016bp\u012bgi p\u0101rdom\u0101ta, lai nodro\u0161in\u0101tu piln\u012bgu komfortu un harmoniju. \u0160eit j\u016bs gaida viss nepiecie\u0161amais mier\u012bgai un komfortablai atp\u016btai.<\/p>\n\n\n\n<div style=\"height:17px\" aria-hidden=\"true\" class=\"wp-block-spacer\"><\/div>\n\n\n\n<div class=\"wp-block-columns alignwide is-layout-flex wp-container-core-columns-is-layout-1 wp-block-columns-is-layout-flex\">\n<div class=\"wp-block-column is-layout-flow wp-block-column-is-layout-flow\" style=\"padding-right:var(--wp--preset--spacing--40);padding-left:var(--wp--preset--spacing--40)\">\n<p class=\"has-text-align-center has-medium-font-size\"><strong>Galven\u0101s priek\u0161roc\u012bbas<\/strong>:<\/p>\n\n\n\n<ul class=\"wp-block-list\">\n<li>Atsevi\u0161\u0137a pirts \u0113ka ar stikla sien\u0101m, no kur\u0101m paveras elpu aizraujo\u0161s skats uz dabu. \u0160eit var\u0113siet relaks\u0113ties un baud\u012bt priv\u0101tu gaisotni. J\u016bsu \u0113rt\u012bb\u0101m pirts m\u0101j\u0101 ir sagatavoti:<br>\u2013 dvie\u013ci,<br>\u2013 pirts cepures,<br>\u2013 du\u0161a ar nepiecie\u0161amajiem l\u012bdzek\u013ciem (\u0161amp\u016bnu, balzamu, du\u0161as \u017eeleju).<\/li>\n\n\n\n<li>Pla\u0161a terase ar burbu\u013cvannu, kas piepild\u012bta ar siltu \u016bdeni \u2013 ide\u0101la vieta, kur atp\u016bsties p\u0113c garas dienas.<\/li>\n\n\n\n<li>Teras\u0113 zem nojumes atrodas g\u0101zes grils un grila apr\u012bkojums, ko viesi var br\u012bvi izmantot.<\/li>\n<\/ul>\n<\/div>\n\n\n\n<div class=\"wp-block-column is-layout-flow wp-block-column-is-layout-flow\" style=\"padding-right:var(--wp--preset--spacing--40);padding-left:var(--wp--preset--spacing--40)\">\n<p class=\"has-text-align-center has-medium-font-size\"><strong>\u0112rt\u012bbas nami\u0146\u0101:<\/strong><\/p>\n\n\n\n<ul class=\"wp-block-list\">\n<li>Liela un \u0113rta divgu\u013cam\u0101 gulta.<\/li>\n\n\n\n<li>Piln\u012bb\u0101 apr\u012bkots virtuves st\u016br\u012btis ar visu nepiecie\u0161amo:<br>\u2013 virtuves trauki, kr\u016bzes, gl\u0101zes, galda piederumi,<br>\u2013 elektrisk\u0101 pl\u012bts (ar vienu gatavo\u0161anas zonu),<br>\u2013 ledusskapis,<br>\u2013 nepiecie\u0161am\u0101s gar\u0161vielas (s\u0101ls, pipari, e\u013c\u013ca).<\/li>\n\n\n\n<li>Vannasistab\u0101 ir:<br>\u2013 du\u0161a un tualete,<br>\u2013 m\u012bksti dvie\u013ci,<br>\u2013 f\u0113ns,<br>\u2013 du\u0161as \u017eeleja, \u0161amp\u016bns un balzams.<\/li>\n<\/ul>\n<\/div>\n\n\n\n<div class=\"wp-block-column is-layout-flow wp-block-column-is-layout-flow\" style=\"padding-right:var(--wp--preset--spacing--40);padding-left:var(--wp--preset--spacing--40)\">\n<p class=\"has-text-align-center has-medium-font-size\"><strong>Papildu \u0113rt\u012bbas:<\/strong><\/p>\n\n\n\n<ul class=\"wp-block-list\">\n<li>R\u016bp\u012bgi izraudz\u012btas interjera deta\u013cas, kas rada mier\u012bgu un minim\u0101listisku atmosf\u0113ru, \u013caujot baud\u012bt nesteidz\u012bgu atp\u016btu.<\/li>\n\n\n\n<li>Galda sp\u0113les \u2013 omul\u012bgiem vakariem ar m\u012b\u013cajiem.<\/li>\n\n\n\n<li>Audio ska\u013crunis \u2013 m\u016bzikai, kas papildin\u0101s j\u016bsu relaks\u0101cijas mirk\u013cus.<\/li>\n\n\n\n<li>Pledi.<\/li>\n<\/ul>\n<\/div>\n<\/div>\n\n\n\n<div style=\"height:17px\" aria-hidden=\"true\" class=\"wp-block-spacer\"><\/div>\n\n\n\n<figure class=\"wp-block-gallery alignfull has-nested-images columns-5 is-cropped wp-block-gallery-1 is-layout-flex wp-block-gallery-is-layout-flex\">\n<figure class=\"wp-block-image size-large\"><img loading=\"lazy\" decoding=\"async\" width=\"1024\" height=\"682\" data-id=\"33\" src=\"https:\/\/harmonynest.ee\/wp-content\/uploads\/2025\/02\/Peegelmajad-Helmes-18_01_2025-25-1024x682.jpg\" alt=\"\" class=\"wp-image-33\" srcset=\"https:\/\/harmonynest.ee\/wp-content\/uploads\/2025\/02\/Peegelmajad-Helmes-18_01_2025-25-1024x682.jpg 1024w, https:\/\/harmonynest.ee\/wp-content\/uploads\/2025\/02\/Peegelmajad-Helmes-18_01_2025-25-300x200.jpg 300w, https:\/\/harmonynest.ee\/wp-content\/uploads\/2025\/02\/Peegelmajad-Helmes-18_01_2025-25-768x512.jpg 768w, https:\/\/harmonynest.ee\/wp-content\/uploads\/2025\/02\/Peegelmajad-Helmes-18_01_2025-25-1536x1024.jpg 1536w, https:\/\/harmonynest.ee\/wp-content\/uploads\/2025\/02\/Peegelmajad-Helmes-18_01_2025-25-2048x1365.jpg 2048w, https:\/\/harmonynest.ee\/wp-content\/uploads\/2025\/02\/Peegelmajad-Helmes-18_01_2025-25-1568x1045.jpg 1568w\" sizes=\"auto, (max-width: 1024px) 100vw, 1024px\" \/><\/figure>\n\n\n\n<figure class=\"wp-block-image size-large\"><img loading=\"lazy\" decoding=\"async\" width=\"1024\" height=\"683\" data-id=\"45\" src=\"https:\/\/harmonynest.ee\/wp-content\/uploads\/2025\/02\/Peegelmajad-Helmes-18_01_2025-40-1024x683.jpg\" alt=\"\" class=\"wp-image-45\" srcset=\"https:\/\/harmonynest.ee\/wp-content\/uploads\/2025\/02\/Peegelmajad-Helmes-18_01_2025-40-1024x683.jpg 1024w, https:\/\/harmonynest.ee\/wp-content\/uploads\/2025\/02\/Peegelmajad-Helmes-18_01_2025-40-300x200.jpg 300w, https:\/\/harmonynest.ee\/wp-content\/uploads\/2025\/02\/Peegelmajad-Helmes-18_01_2025-40-768x512.jpg 768w, https:\/\/harmonynest.ee\/wp-content\/uploads\/2025\/02\/Peegelmajad-Helmes-18_01_2025-40-1536x1024.jpg 1536w, https:\/\/harmonynest.ee\/wp-content\/uploads\/2025\/02\/Peegelmajad-Helmes-18_01_2025-40-2048x1366.jpg 2048w, https:\/\/harmonynest.ee\/wp-content\/uploads\/2025\/02\/Peegelmajad-Helmes-18_01_2025-40-1568x1046.jpg 1568w\" sizes=\"auto, (max-width: 1024px) 100vw, 1024px\" \/><\/figure>\n\n\n\n<figure class=\"wp-block-image size-large\"><img loading=\"lazy\" decoding=\"async\" width=\"683\" height=\"1024\" data-id=\"72\" src=\"https:\/\/harmonynest.ee\/wp-content\/uploads\/2025\/02\/Peegelmajad-Helmes-18_01_2025-170-683x1024.jpg\" alt=\"\" class=\"wp-image-72\" srcset=\"https:\/\/harmonynest.ee\/wp-content\/uploads\/2025\/02\/Peegelmajad-Helmes-18_01_2025-170-683x1024.jpg 683w, https:\/\/harmonynest.ee\/wp-content\/uploads\/2025\/02\/Peegelmajad-Helmes-18_01_2025-170-200x300.jpg 200w, https:\/\/harmonynest.ee\/wp-content\/uploads\/2025\/02\/Peegelmajad-Helmes-18_01_2025-170-768x1152.jpg 768w, https:\/\/harmonynest.ee\/wp-content\/uploads\/2025\/02\/Peegelmajad-Helmes-18_01_2025-170-1024x1536.jpg 1024w, https:\/\/harmonynest.ee\/wp-content\/uploads\/2025\/02\/Peegelmajad-Helmes-18_01_2025-170-1366x2048.jpg 1366w, https:\/\/harmonynest.ee\/wp-content\/uploads\/2025\/02\/Peegelmajad-Helmes-18_01_2025-170-1568x2352.jpg 1568w, https:\/\/harmonynest.ee\/wp-content\/uploads\/2025\/02\/Peegelmajad-Helmes-18_01_2025-170-scaled.jpg 1707w\" sizes=\"auto, (max-width: 683px) 100vw, 683px\" \/><\/figure>\n\n\n\n<figure class=\"wp-block-image size-large\"><img loading=\"lazy\" decoding=\"async\" width=\"1024\" height=\"682\" data-id=\"84\" src=\"https:\/\/harmonynest.ee\/wp-content\/uploads\/2025\/02\/Peegelmajad-Helmes-18_01_2025-202-1024x682.jpg\" alt=\"\" class=\"wp-image-84\" srcset=\"https:\/\/harmonynest.ee\/wp-content\/uploads\/2025\/02\/Peegelmajad-Helmes-18_01_2025-202-1024x682.jpg 1024w, https:\/\/harmonynest.ee\/wp-content\/uploads\/2025\/02\/Peegelmajad-Helmes-18_01_2025-202-300x200.jpg 300w, https:\/\/harmonynest.ee\/wp-content\/uploads\/2025\/02\/Peegelmajad-Helmes-18_01_2025-202-768x512.jpg 768w, https:\/\/harmonynest.ee\/wp-content\/uploads\/2025\/02\/Peegelmajad-Helmes-18_01_2025-202-1536x1024.jpg 1536w, https:\/\/harmonynest.ee\/wp-content\/uploads\/2025\/02\/Peegelmajad-Helmes-18_01_2025-202-2048x1365.jpg 2048w, https:\/\/harmonynest.ee\/wp-content\/uploads\/2025\/02\/Peegelmajad-Helmes-18_01_2025-202-1568x1045.jpg 1568w\" sizes=\"auto, (max-width: 1024px) 100vw, 1024px\" \/><\/figure>\n\n\n\n<figure class=\"wp-block-image size-large\"><img loading=\"lazy\" decoding=\"async\" width=\"1024\" height=\"683\" data-id=\"54\" src=\"https:\/\/harmonynest.ee\/wp-content\/uploads\/2025\/02\/Peegelmajad-Helmes-18_01_2025-56-1024x683.jpg\" alt=\"\" class=\"wp-image-54\" srcset=\"https:\/\/harmonynest.ee\/wp-content\/uploads\/2025\/02\/Peegelmajad-Helmes-18_01_2025-56-1024x683.jpg 1024w, https:\/\/harmonynest.ee\/wp-content\/uploads\/2025\/02\/Peegelmajad-Helmes-18_01_2025-56-300x200.jpg 300w, https:\/\/harmonynest.ee\/wp-content\/uploads\/2025\/02\/Peegelmajad-Helmes-18_01_2025-56-768x512.jpg 768w, https:\/\/harmonynest.ee\/wp-content\/uploads\/2025\/02\/Peegelmajad-Helmes-18_01_2025-56-1536x1024.jpg 1536w, https:\/\/harmonynest.ee\/wp-content\/uploads\/2025\/02\/Peegelmajad-Helmes-18_01_2025-56-2048x1365.jpg 2048w, https:\/\/harmonynest.ee\/wp-content\/uploads\/2025\/02\/Peegelmajad-Helmes-18_01_2025-56-1568x1045.jpg 1568w\" sizes=\"auto, (max-width: 1024px) 100vw, 1024px\" \/><\/figure>\n<\/figure>\n\n\n\n<div style=\"height:17px\" aria-hidden=\"true\" class=\"wp-block-spacer\"><\/div>\n","protected":false},"excerpt":{"rendered":"<p>\u201cHarmony Nest\u201d \u2013 vienreiz\u0113ja atp\u016bta dab\u0101. \u201cHarmony Nest\u201d nav tikai br\u012bvdienu m\u0101ja, bet gan vieta, kur katra deta\u013ca ir r\u016bp\u012bgi p\u0101rdom\u0101ta, lai nodro\u0161in\u0101tu piln\u012bgu komfortu un harmoniju. \u0160eit j\u016bs gaida viss nepiecie\u0161amais mier\u012bgai un komfortablai atp\u016btai. Galven\u0101s priek\u0161roc\u012bbas: \u0112rt\u012bbas nami\u0146\u0101: Papildu \u0113rt\u012bbas:<\/p>\n","protected":false},"author":3,"featured_media":0,"parent":0,"menu_order":0,"comment_status":"closed","ping_status":"closed","template":"","meta":{"footnotes":""},"class_list":["post-474","page","type-page","status-publish","hentry"],"yoast_head":"<!-- This site is optimized with the Yoast SEO plugin v24.4 - https:\/\/yoast.com\/wordpress\/plugins\/seo\/ -->\n<title>APSKAT\u012aT \u0112KU - Harmony Nest<\/title>\n<meta name=\"description\" content=\"\u201cHarmony Nest\u201d nav tikai br\u012bvdienu m\u0101ja, bet gan vieta, kur katra deta\u013ca ir r\u016bp\u012bgi p\u0101rdom\u0101ta, lai nodro\u0161in\u0101tu piln\u012bgu komfortu un harmoniju.\" \/>\n<meta name=\"robots\" content=\"index, follow, max-snippet:-1, max-image-preview:large, max-video-preview:-1\" \/>\n<link rel=\"canonical\" href=\"https:\/\/harmonynest.ee\/lv\/tutvu-majaga\/\" \/>\n<meta property=\"og:locale\" content=\"lv_LV\" \/>\n<meta property=\"og:type\" content=\"article\" \/>\n<meta property=\"og:title\" content=\"APSKAT\u012aT \u0112KU - Harmony Nest\" \/>\n<meta property=\"og:description\" content=\"\u201cHarmony Nest\u201d nav tikai br\u012bvdienu m\u0101ja, bet gan vieta, kur katra deta\u013ca ir r\u016bp\u012bgi p\u0101rdom\u0101ta, lai nodro\u0161in\u0101tu piln\u012bgu komfortu un harmoniju.\" \/>\n<meta property=\"og:url\" content=\"https:\/\/harmonynest.ee\/lv\/tutvu-majaga\/\" \/>\n<meta property=\"og:site_name\" content=\"Harmony Nest\" \/>\n<meta property=\"article:modified_time\" content=\"2026-02-06T15:27:19+00:00\" \/>\n<meta property=\"og:image\" content=\"https:\/\/harmonynest.ee\/wp-content\/uploads\/2025\/02\/Peegelmajad-Helmes-18_01_2025-35-scaled.jpg\" \/>\n\t<meta property=\"og:image:width\" content=\"2560\" \/>\n\t<meta property=\"og:image:height\" content=\"1706\" \/>\n\t<meta property=\"og:image:type\" content=\"image\/jpeg\" \/>\n<meta name=\"twitter:card\" content=\"summary_large_image\" \/>\n<meta name=\"twitter:label1\" content=\"Est. reading time\" \/>\n\t<meta name=\"twitter:data1\" content=\"3 minutes\" \/>\n<script type=\"application\/ld+json\" class=\"yoast-schema-graph\">{\"@context\":\"https:\/\/schema.org\",\"@graph\":[{\"@type\":\"WebPage\",\"@id\":\"https:\/\/harmonynest.ee\/lv\/tutvu-majaga\/\",\"url\":\"https:\/\/harmonynest.ee\/lv\/tutvu-majaga\/\",\"name\":\"APSKAT\u012aT \u0112KU - Harmony Nest\",\"isPartOf\":{\"@id\":\"https:\/\/harmonynest.ee\/#website\"},\"primaryImageOfPage\":{\"@id\":\"https:\/\/harmonynest.ee\/lv\/tutvu-majaga\/#primaryimage\"},\"image\":{\"@id\":\"https:\/\/harmonynest.ee\/lv\/tutvu-majaga\/#primaryimage\"},\"thumbnailUrl\":\"https:\/\/harmonynest.ee\/wp-content\/uploads\/2025\/02\/Peegelmajad-Helmes-18_01_2025-35-scaled.jpg\",\"datePublished\":\"2025-02-09T08:48:35+00:00\",\"dateModified\":\"2026-02-06T15:27:19+00:00\",\"description\":\"\u201cHarmony Nest\u201d nav tikai br\u012bvdienu m\u0101ja, bet gan vieta, kur katra deta\u013ca ir r\u016bp\u012bgi p\u0101rdom\u0101ta, lai nodro\u0161in\u0101tu piln\u012bgu komfortu un harmoniju.\",\"breadcrumb\":{\"@id\":\"https:\/\/harmonynest.ee\/lv\/tutvu-majaga\/#breadcrumb\"},\"inLanguage\":\"lv-LV\",\"potentialAction\":[{\"@type\":\"ReadAction\",\"target\":[\"https:\/\/harmonynest.ee\/lv\/tutvu-majaga\/\"]}]},{\"@type\":\"ImageObject\",\"inLanguage\":\"lv-LV\",\"@id\":\"https:\/\/harmonynest.ee\/lv\/tutvu-majaga\/#primaryimage\",\"url\":\"https:\/\/harmonynest.ee\/wp-content\/uploads\/2025\/02\/Peegelmajad-Helmes-18_01_2025-35-scaled.jpg\",\"contentUrl\":\"https:\/\/harmonynest.ee\/wp-content\/uploads\/2025\/02\/Peegelmajad-Helmes-18_01_2025-35-scaled.jpg\"},{\"@type\":\"BreadcrumbList\",\"@id\":\"https:\/\/harmonynest.ee\/lv\/tutvu-majaga\/#breadcrumb\",\"itemListElement\":[{\"@type\":\"ListItem\",\"position\":1,\"name\":\"Home\",\"item\":\"https:\/\/harmonynest.ee\/lv\/\"},{\"@type\":\"ListItem\",\"position\":2,\"name\":\"APSKAT\u012aT \u0112KU\"}]},{\"@type\":\"WebSite\",\"@id\":\"https:\/\/harmonynest.ee\/#website\",\"url\":\"https:\/\/harmonynest.ee\/\",\"name\":\"Harmony Nest\",\"description\":\"Harmony Nest &ndash; see on ainulaadne puhkemaja kahele\",\"potentialAction\":[{\"@type\":\"SearchAction\",\"target\":{\"@type\":\"EntryPoint\",\"urlTemplate\":\"https:\/\/harmonynest.ee\/?s={search_term_string}\"},\"query-input\":{\"@type\":\"PropertyValueSpecification\",\"valueRequired\":true,\"valueName\":\"search_term_string\"}}],\"inLanguage\":\"lv-LV\"}]}<\/script>\n<!-- \/ Yoast SEO plugin. -->","yoast_head_json":{"title":"APSKAT\u012aT \u0112KU - Harmony Nest","description":"\u201cHarmony Nest\u201d nav tikai br\u012bvdienu m\u0101ja, bet gan vieta, kur katra deta\u013ca ir r\u016bp\u012bgi p\u0101rdom\u0101ta, lai nodro\u0161in\u0101tu piln\u012bgu komfortu un harmoniju.","robots":{"index":"index","follow":"follow","max-snippet":"max-snippet:-1","max-image-preview":"max-image-preview:large","max-video-preview":"max-video-preview:-1"},"canonical":"https:\/\/harmonynest.ee\/lv\/tutvu-majaga\/","og_locale":"lv_LV","og_type":"article","og_title":"APSKAT\u012aT \u0112KU - Harmony Nest","og_description":"\u201cHarmony Nest\u201d nav tikai br\u012bvdienu m\u0101ja, bet gan vieta, kur katra deta\u013ca ir r\u016bp\u012bgi p\u0101rdom\u0101ta, lai nodro\u0161in\u0101tu piln\u012bgu komfortu un harmoniju.","og_url":"https:\/\/harmonynest.ee\/lv\/tutvu-majaga\/","og_site_name":"Harmony Nest","article_modified_time":"2026-02-06T15:27:19+00:00","og_image":[{"width":2560,"height":1706,"url":"https:\/\/harmonynest.ee\/wp-content\/uploads\/2025\/02\/Peegelmajad-Helmes-18_01_2025-35-scaled.jpg","type":"image\/jpeg"}],"twitter_card":"summary_large_image","twitter_misc":{"Est. reading time":"3 minutes"},"schema":{"@context":"https:\/\/schema.org","@graph":[{"@type":"WebPage","@id":"https:\/\/harmonynest.ee\/lv\/tutvu-majaga\/","url":"https:\/\/harmonynest.ee\/lv\/tutvu-majaga\/","name":"APSKAT\u012aT \u0112KU - Harmony Nest","isPartOf":{"@id":"https:\/\/harmonynest.ee\/#website"},"primaryImageOfPage":{"@id":"https:\/\/harmonynest.ee\/lv\/tutvu-majaga\/#primaryimage"},"image":{"@id":"https:\/\/harmonynest.ee\/lv\/tutvu-majaga\/#primaryimage"},"thumbnailUrl":"https:\/\/harmonynest.ee\/wp-content\/uploads\/2025\/02\/Peegelmajad-Helmes-18_01_2025-35-scaled.jpg","datePublished":"2025-02-09T08:48:35+00:00","dateModified":"2026-02-06T15:27:19+00:00","description":"\u201cHarmony Nest\u201d nav tikai br\u012bvdienu m\u0101ja, bet gan vieta, kur katra deta\u013ca ir r\u016bp\u012bgi p\u0101rdom\u0101ta, lai nodro\u0161in\u0101tu piln\u012bgu komfortu un harmoniju.","breadcrumb":{"@id":"https:\/\/harmonynest.ee\/lv\/tutvu-majaga\/#breadcrumb"},"inLanguage":"lv-LV","potentialAction":[{"@type":"ReadAction","target":["https:\/\/harmonynest.ee\/lv\/tutvu-majaga\/"]}]},{"@type":"ImageObject","inLanguage":"lv-LV","@id":"https:\/\/harmonynest.ee\/lv\/tutvu-majaga\/#primaryimage","url":"https:\/\/harmonynest.ee\/wp-content\/uploads\/2025\/02\/Peegelmajad-Helmes-18_01_2025-35-scaled.jpg","contentUrl":"https:\/\/harmonynest.ee\/wp-content\/uploads\/2025\/02\/Peegelmajad-Helmes-18_01_2025-35-scaled.jpg"},{"@type":"BreadcrumbList","@id":"https:\/\/harmonynest.ee\/lv\/tutvu-majaga\/#breadcrumb","itemListElement":[{"@type":"ListItem","position":1,"name":"Home","item":"https:\/\/harmonynest.ee\/lv\/"},{"@type":"ListItem","position":2,"name":"APSKAT\u012aT \u0112KU"}]},{"@type":"WebSite","@id":"https:\/\/harmonynest.ee\/#website","url":"https:\/\/harmonynest.ee\/","name":"Harmony Nest","description":"Harmony Nest &ndash; see on ainulaadne puhkemaja kahele","potentialAction":[{"@type":"SearchAction","target":{"@type":"EntryPoint","urlTemplate":"https:\/\/harmonynest.ee\/?s={search_term_string}"},"query-input":{"@type":"PropertyValueSpecification","valueRequired":true,"valueName":"search_term_string"}}],"inLanguage":"lv-LV"}]}},"_links":{"self":[{"href":"https:\/\/harmonynest.ee\/lv\/wp-json\/wp\/v2\/pages\/474","targetHints":{"allow":["GET"]}}],"collection":[{"href":"https:\/\/harmonynest.ee\/lv\/wp-json\/wp\/v2\/pages"}],"about":[{"href":"https:\/\/harmonynest.ee\/lv\/wp-json\/wp\/v2\/types\/page"}],"author":[{"embeddable":true,"href":"https:\/\/harmonynest.ee\/lv\/wp-json\/wp\/v2\/users\/3"}],"replies":[{"embeddable":true,"href":"https:\/\/harmonynest.ee\/lv\/wp-json\/wp\/v2\/comments?post=474"}],"version-history":[{"count":2,"href":"https:\/\/harmonynest.ee\/lv\/wp-json\/wp\/v2\/pages\/474\/revisions"}],"predecessor-version":[{"id":505,"href":"https:\/\/harmonynest.ee\/lv\/wp-json\/wp\/v2\/pages\/474\/revisions\/505"}],"wp:attachment":[{"href":"https:\/\/harmonynest.ee\/lv\/wp-json\/wp\/v2\/media?parent=474"}],"curies":[{"name":"wp","href":"https:\/\/api.w.org\/{rel}","templated":true}]}}